{"id":239,"date":"2024-08-22T20:04:02","date_gmt":"2024-08-22T20:04:02","guid":{"rendered":"http:\/\/w3.svv.or.at\/?page_id=239"},"modified":"2025-02-24T12:39:13","modified_gmt":"2025-02-24T12:39:13","slug":"hall-of-fame","status":"publish","type":"page","link":"https:\/\/w3.svv.or.at\/?page_id=239","title":{"rendered":"Hall of Fame"},"content":{"rendered":"\n<p>Im Rahmen unseres 50-j\u00e4hrigen Jubil\u00e4ums, haben wir die <strong>5 besten Schwimmer der Vereinslaufbahn<\/strong> in die sogenannte &#8222;Hall of Fame&#8220; aufgenommen.<\/p>\n\n\n\n<p>Allesamt konnten \u00d6sterreichische Meistertitel erringen und vertraten den Schwimmverein V\u00f6cklabruck bei internationalen Gro\u00dfereignissen.<\/p>\n\n\n\n<p>Nachfolgend findet ihr eine \u00dcbersicht \u00fcber alle Schwimmer und ihre gr\u00f6\u00dften Erfolge.<\/p>\n\n\n\n<div class=\"wp-block-group is-nowrap is-layout-flex wp-container-core-group-is-layout-1 wp-block-group-is-layout-flex\">\n<figure class=\"wp-block-image size-large is-resized\"><img loading=\"lazy\" decoding=\"async\" width=\"1024\" height=\"683\" src=\"https:\/\/w3.svv.or.at\/wp-content\/uploads\/2025\/02\/AdobeStock_966137810_klein-1024x683.jpg\" alt=\"\" class=\"wp-image-1058\" style=\"width:521px;height:auto\" srcset=\"https:\/\/w3.svv.or.at\/wp-content\/uploads\/2025\/02\/AdobeStock_966137810_klein-1024x683.jpg 1024w, https:\/\/w3.svv.or.at\/wp-content\/uploads\/2025\/02\/AdobeStock_966137810_klein-300x200.jpg 300w, https:\/\/w3.svv.or.at\/wp-content\/uploads\/2025\/02\/AdobeStock_966137810_klein-768x512.jpg 768w, https:\/\/w3.svv.or.at\/wp-content\/uploads\/2025\/02\/AdobeStock_966137810_klein-1536x1024.jpg 1536w, https:\/\/w3.svv.or.at\/wp-content\/uploads\/2025\/02\/AdobeStock_966137810_klein-2048x1365.jpg 2048w\" sizes=\"(max-width: 1024px) 100vw, 1024px\" \/><\/figure>\n\n\n<div class=\"wp-block-image\">\n<figure class=\"aligncenter size-medium is-resized\"><img loading=\"lazy\" decoding=\"async\" width=\"300\" height=\"279\" src=\"https:\/\/w3.svv.or.at\/wp-content\/uploads\/2024\/08\/logowalloffame-300x279.jpeg\" alt=\"\" class=\"wp-image-240\" style=\"width:296px;height:auto\" srcset=\"https:\/\/w3.svv.or.at\/wp-content\/uploads\/2024\/08\/logowalloffame-300x279.jpeg 300w, https:\/\/w3.svv.or.at\/wp-content\/uploads\/2024\/08\/logowalloffame.jpeg 542w\" sizes=\"(max-width: 300px) 100vw, 300px\" \/><\/figure><\/div><\/div>\n\n\n\n<h2 class=\"wp-block-heading\"><\/h2>\n\n\n\n<figure class=\"wp-block-image size-full\"><img loading=\"lazy\" decoding=\"async\" width=\"2527\" height=\"959\" src=\"https:\/\/w3.svv.or.at\/wp-content\/uploads\/2025\/02\/ElisabethBuchner.png\" alt=\"\" class=\"wp-image-982\" srcset=\"https:\/\/w3.svv.or.at\/wp-content\/uploads\/2025\/02\/ElisabethBuchner.png 2527w, https:\/\/w3.svv.or.at\/wp-content\/uploads\/2025\/02\/ElisabethBuchner-300x114.png 300w, https:\/\/w3.svv.or.at\/wp-content\/uploads\/2025\/02\/ElisabethBuchner-1024x389.png 1024w, https:\/\/w3.svv.or.at\/wp-content\/uploads\/2025\/02\/ElisabethBuchner-768x291.png 768w, https:\/\/w3.svv.or.at\/wp-content\/uploads\/2025\/02\/ElisabethBuchner-1536x583.png 1536w, https:\/\/w3.svv.or.at\/wp-content\/uploads\/2025\/02\/ElisabethBuchner-2048x777.png 2048w\" sizes=\"(max-width: 2527px) 100vw, 2527px\" \/><\/figure>\n\n\n\n<hr class=\"wp-block-separator has-alpha-channel-opacity\"\/>\n\n\n\n<figure class=\"wp-block-image size-full is-resized\"><a href=\"https:\/\/w3.svv.or.at\/wp-content\/uploads\/2025\/02\/DominikDuer.png\"><img loading=\"lazy\" decoding=\"async\" width=\"2530\" height=\"960\" src=\"https:\/\/w3.svv.or.at\/wp-content\/uploads\/2025\/02\/DominikDuer.png\" alt=\"\" class=\"wp-image-981\" style=\"width:833px;height:auto\" srcset=\"https:\/\/w3.svv.or.at\/wp-content\/uploads\/2025\/02\/DominikDuer.png 2530w, https:\/\/w3.svv.or.at\/wp-content\/uploads\/2025\/02\/DominikDuer-300x114.png 300w, https:\/\/w3.svv.or.at\/wp-content\/uploads\/2025\/02\/DominikDuer-1024x389.png 1024w, https:\/\/w3.svv.or.at\/wp-content\/uploads\/2025\/02\/DominikDuer-768x291.png 768w, https:\/\/w3.svv.or.at\/wp-content\/uploads\/2025\/02\/DominikDuer-1536x583.png 1536w, https:\/\/w3.svv.or.at\/wp-content\/uploads\/2025\/02\/DominikDuer-2048x777.png 2048w\" sizes=\"(max-width: 2530px) 100vw, 2530px\" \/><\/a><\/figure>\n\n\n\n<p><em>&#8222;1993 hat alles in V\u00f6cklabruck begonnen und nun darf ich der erste Schwimmer sein, der in die Hall of Fame aufgenommen wird &#8211; das ist eine gro\u00dfe Ehre f\u00fcr mich! Ich durfte viele wunderbare Momente meiner langen Karriere mit dem SV V\u00f6cklabruck feiern, die ohne meine Eltern und die Trainer gar nicht m\u00f6glich gewesen w\u00e4ren. Es macht mich sehr stolz, Teil des Schwimmvereins gewesen zu sein und freue mich \u00fcber diese Ehrung!&#8220; &#8211; Dominik D\u00fcr<\/em><\/p>\n\n\n\n<hr class=\"wp-block-separator has-alpha-channel-opacity\"\/>\n\n\n\n<figure class=\"wp-block-gallery has-nested-images columns-default is-cropped wp-block-gallery-1 is-layout-flex wp-block-gallery-is-layout-flex\">\n<figure class=\"wp-block-image size-full\"><img loading=\"lazy\" decoding=\"async\" width=\"2524\" height=\"962\" data-id=\"983\" src=\"https:\/\/w3.svv.or.at\/wp-content\/uploads\/2025\/02\/TheresaSpiessberger.png\" alt=\"\" class=\"wp-image-983\" srcset=\"https:\/\/w3.svv.or.at\/wp-content\/uploads\/2025\/02\/TheresaSpiessberger.png 2524w, https:\/\/w3.svv.or.at\/wp-content\/uploads\/2025\/02\/TheresaSpiessberger-300x114.png 300w, https:\/\/w3.svv.or.at\/wp-content\/uploads\/2025\/02\/TheresaSpiessberger-1024x390.png 1024w, https:\/\/w3.svv.or.at\/wp-content\/uploads\/2025\/02\/TheresaSpiessberger-768x293.png 768w, https:\/\/w3.svv.or.at\/wp-content\/uploads\/2025\/02\/TheresaSpiessberger-1536x585.png 1536w, https:\/\/w3.svv.or.at\/wp-content\/uploads\/2025\/02\/TheresaSpiessberger-2048x781.png 2048w\" sizes=\"(max-width: 2524px) 100vw, 2524px\" \/><\/figure>\n<\/figure>\n\n\n\n<hr class=\"wp-block-separator has-alpha-channel-opacity\"\/>\n\n\n\n<div style=\"height:12px\" aria-hidden=\"true\" class=\"wp-block-spacer\"><\/div>\n\n\n\n<figure class=\"wp-block-image size-large\"><img loading=\"lazy\" decoding=\"async\" width=\"1024\" height=\"390\" src=\"https:\/\/w3.svv.or.at\/wp-content\/uploads\/2025\/02\/PatrikLenzeder-1024x390.png\" alt=\"\" class=\"wp-image-984\" srcset=\"https:\/\/w3.svv.or.at\/wp-content\/uploads\/2025\/02\/PatrikLenzeder-1024x390.png 1024w, https:\/\/w3.svv.or.at\/wp-content\/uploads\/2025\/02\/PatrikLenzeder-300x114.png 300w, https:\/\/w3.svv.or.at\/wp-content\/uploads\/2025\/02\/PatrikLenzeder-768x292.png 768w, https:\/\/w3.svv.or.at\/wp-content\/uploads\/2025\/02\/PatrikLenzeder-1536x584.png 1536w, https:\/\/w3.svv.or.at\/wp-content\/uploads\/2025\/02\/PatrikLenzeder-2048x779.png 2048w\" sizes=\"(max-width: 1024px) 100vw, 1024px\" \/><\/figure>\n\n\n\n<hr class=\"wp-block-separator has-alpha-channel-opacity\"\/>\n\n\n\n<figure class=\"wp-block-image size-large\"><img loading=\"lazy\" decoding=\"async\" width=\"1024\" height=\"388\" src=\"https:\/\/w3.svv.or.at\/wp-content\/uploads\/2025\/02\/FranziskaRuttenstock-1024x388.png\" alt=\"\" class=\"wp-image-985\" srcset=\"https:\/\/w3.svv.or.at\/wp-content\/uploads\/2025\/02\/FranziskaRuttenstock-1024x388.png 1024w, https:\/\/w3.svv.or.at\/wp-content\/uploads\/2025\/02\/FranziskaRuttenstock-300x114.png 300w, https:\/\/w3.svv.or.at\/wp-content\/uploads\/2025\/02\/FranziskaRuttenstock-768x291.png 768w, https:\/\/w3.svv.or.at\/wp-content\/uploads\/2025\/02\/FranziskaRuttenstock-1536x581.png 1536w, https:\/\/w3.svv.or.at\/wp-content\/uploads\/2025\/02\/FranziskaRuttenstock-2048x775.png 2048w\" sizes=\"(max-width: 1024px) 100vw, 1024px\" \/><\/figure>\n","protected":false},"excerpt":{"rendered":"<p>Im Rahmen unseres 50-j\u00e4hrigen Jubil\u00e4ums, haben wir die 5 besten Schwimmer der Vereinslaufbahn in die sogenannte &#8222;Hall of Fame&#8220; aufgenommen. Allesamt konnten \u00d6sterreichische Meistertitel erringen und vertraten den Schwimmverein V\u00f6cklabruck bei internationalen Gro\u00dfereignissen. Nachfolgend findet ihr eine \u00dcbersicht \u00fcber alle Schwimmer und ihre gr\u00f6\u00dften Erfolge. &#8222;1993 hat alles in V\u00f6cklabruck begonnen und nun darf ich [&hellip;]<\/p>\n","protected":false},"author":1,"featured_media":240,"parent":0,"menu_order":0,"comment_status":"closed","ping_status":"closed","template":"","meta":{"footnotes":""},"class_list":["post-239","page","type-page","status-publish","has-post-thumbnail","hentry"],"_links":{"self":[{"href":"https:\/\/w3.svv.or.at\/index.php?rest_route=\/wp\/v2\/pages\/239"}],"collection":[{"href":"https:\/\/w3.svv.or.at\/index.php?rest_route=\/wp\/v2\/pages"}],"about":[{"href":"https:\/\/w3.svv.or.at\/index.php?rest_route=\/wp\/v2\/types\/page"}],"author":[{"embeddable":true,"href":"https:\/\/w3.svv.or.at\/index.php?rest_route=\/wp\/v2\/users\/1"}],"replies":[{"embeddable":true,"href":"https:\/\/w3.svv.or.at\/index.php?rest_route=%2Fwp%2Fv2%2Fcomments&post=239"}],"version-history":[{"count":7,"href":"https:\/\/w3.svv.or.at\/index.php?rest_route=\/wp\/v2\/pages\/239\/revisions"}],"predecessor-version":[{"id":1060,"href":"https:\/\/w3.svv.or.at\/index.php?rest_route=\/wp\/v2\/pages\/239\/revisions\/1060"}],"wp:featuredmedia":[{"embeddable":true,"href":"https:\/\/w3.svv.or.at\/index.php?rest_route=\/wp\/v2\/media\/240"}],"wp:attachment":[{"href":"https:\/\/w3.svv.or.at\/index.php?rest_route=%2Fwp%2Fv2%2Fmedia&parent=239"}],"curies":[{"name":"wp","href":"https:\/\/api.w.org\/{rel}","templated":true}]}}