{"id":41,"date":"2024-08-22T13:57:27","date_gmt":"2024-08-22T13:57:27","guid":{"rendered":"http:\/\/w3.svv.or.at\/?page_id=41"},"modified":"2026-03-23T09:55:08","modified_gmt":"2026-03-23T09:55:08","slug":"mitglied-werden","status":"publish","type":"page","link":"https:\/\/w3.svv.or.at\/?page_id=41","title":{"rendered":"Mitglied werden"},"content":{"rendered":"\n<h3 class=\"wp-block-heading\">Wie wird man Mitglied?<\/h3>\n\n\n\n<p>Der Schwimmverein V\u00f6cklabruck nimmt Kinder ab ca. 5 Jahren auf, die wassergew\u00f6hnt sind und zumindest zwei Lagen in der sogenannten Grobform beherrschen! In regelm\u00e4\u00dfigen Abst\u00e4nden gibt es Termine zum Vorschwimmen, jeweils an einem Samstag von 07:30 &#8211; 09:00h.<\/p>\n\n\n\n<div class=\"wp-block-buttons is-layout-flex wp-block-buttons-is-layout-flex\">\n<div class=\"wp-block-button\"><a class=\"wp-block-button__link wp-element-button\" href=\"https:\/\/w3.svv.or.at\/?page_id=682\">Den n\u00e4chsten Vorschwimmtermin findet ihr am Schwarzen Brett<\/a><\/div>\n<\/div>\n\n\n\n<p><\/p>\n\n\n\n<p>Nach dem Vorschwimmen laden wir jene Kinder, die unsere &#8222;Aufnahmepr\u00fcfung&#8220; bestehen, an den 4 folgenden Samstagen von 07:30 &#8211; 09.00h zu einem Probetraining ein. Erst danach erfolgt die Aufnahme in den Verein und die Einteilung in die entsprechende Trainingsgruppe! Die Kosten f\u00fcr das Probetraining betragen derzeit Euro 25,&#8211;. Es ist dies die An- und Abmeldegeb\u00fchr des Schwimmverbandes. Der aktuelle Mitgliedsbeitrag betr\u00e4gt Euro 180,&#8211; pro Jahr.<br><\/p>\n\n\n\n<h3 class=\"wp-block-heading\">Vorschwimmen SV V\u00f6cklabruck<\/h3>\n\n\n\n<p><strong>Liebe Kinder!<\/strong><br><br>Wir freuen uns, dass ihr euch f\u00fcr den Schwimmsport und unseren Verein interessiert. Der Schwimmverein V\u00f6cklabruck z\u00e4hlt zu den erfolgreichsten Vereinen in Ober\u00f6sterreich und hat Landesmeister, Staatsmeister, Jugendeuropameisterschaftsteilnehmer, ja sogar Europameisterschaftsteilnehmer in seinen Reihen.<br><br>Diese sportlichen Erfolge sind nur durch eine exzellente Nachwuchsarbeit, engagierte Trainer und Eltern, und nat\u00fcrlich talentierte, begeisterte Nachwuchsschwimmer m\u00f6glich.<br><br>Bei unserem Vorschwimmen m\u00f6chten wir gerne sehen, wie wohl ihr euch im Wasser f\u00fchlt und wie gut ihr euch darin bewegt, kurz: ob ihr echte Wasserratten seid.<br><br>Damit ihr wisst was auf Euch zukommt, und ihr Euch vielleicht ein bisschen vorbereiten k\u00f6nnt, gibt es hier eine kleine Liste was Ihr unserem Trainer zeigen d\u00fcrft. Und wenn ihr eine \u00dcbung nicht versteht, wird sie euch unser Trainer gerne vorf\u00fchren:<br><\/p>\n\n\n\n<ul class=\"wp-block-list\">\n<li>25 m Schwimmen in beliebigem Stil<\/li>\n\n\n\n<li>Das Gesicht unter Wasser geben, und durch Mund und Nase gro\u00dfe Blasen blubbern<\/li>\n\n\n\n<li>Unter Wasser die Augen \u00f6ffnen<\/li>\n\n\n\n<li>Einen Gegenstand aus h\u00fcfttiefem Wasser heraufholen<\/li>\n\n\n\n<li><strong>11 Jahre und \u00e4lter<\/strong>: Einen Gegenstand aus tiefem Wasser heraufholen<\/li>\n\n\n\n<li>Seerose und Seestern, d.h. in Bauch- und R\u00fcckenlage ein paar Sekunden im Wasser schweben<\/li>\n\n\n\n<li>Eine Hockschwebe, also wie ein Ball im Wasser schweben<\/li>\n\n\n\n<li>Eine Bauchrakete, also in Bauchlage vom Beckenrand absto\u00dfen und ein paar Meter mit Gesicht im Wasser gleiten<\/li>\n\n\n\n<li>Ein U-Boot, d.h. unter Wasser in Bauchlage absto\u00dfen und ein paar Meter strampeln<\/li>\n\n\n\n<li>Einen Purzelbaum vorw\u00e4rts, und wenn ihr wollt auch r\u00fcckw\u00e4rts<\/li>\n\n\n\n<li>Vom Beckenrand ins Wasser springen, wer m\u00f6chte auch vom Sockel, und wer will auch mit Kopfsprung<\/li>\n\n\n\n<li><strong>11 Jahre und<\/strong> <strong>\u00e4lter:<\/strong> Kopfsprung ins Wasser vom Beckenrand\/Sockel<\/li>\n\n\n\n<li><strong>11 Jahre und \u00e4lter:<\/strong> 50m so schnell wie m\u00f6glich<\/li>\n<\/ul>\n\n\n\n<p><br><strong>Liebe Eltern, liebe Begleitpersonen,<\/strong><br><br>die oben genannten Tests zeigen, ob ihr Kind die so genannte gro\u00dfe Wassergew\u00f6hnung und die Wasserbew\u00e4ltigung abgeschlossen hat, sich im Wasser wirklich wohl f\u00fchlt und sich darin altersad\u00e4quat bewegen kann. Kurz: ein Gef\u00fchl f\u00fcr das Wasser hat. Wenn ihr Kind bereits toll schwimmen kann ist das nat\u00fcrlich von gro\u00dfem Vorteil, ist aber keine Voraussetzung. Die Schwimmtechniken die bei Wettk\u00e4mpfen angewandt werden unterscheiden sich zumeist deutlich von den &#8222;Alltagstechniken&#8220;, sodass im Verein zumeist ohnehin wieder von vorne begonnen wird!<\/p>\n\n\n\n<p><strong>Anmeldung zum Vorschwimmen<\/strong><\/p>\n\n\n\n<p>Mit diesem Formular k\u00f6nnen Sie Ihr Kind zum n\u00e4chsten Vorschwimmen anmelden.<br>Die Termine f\u00fcr das Vorschwimmen werden auf dem Schwarzen Brett bekannt gegeben.<\/p>\n\n\n\n<p>Felder mit einem <strong>* sind Pflichtfelder<\/strong><\/p>\n\n\n\n","protected":false},"excerpt":{"rendered":"<p>Wie wird man Mitglied? Der Schwimmverein V\u00f6cklabruck nimmt Kinder ab ca. 5 Jahren auf, die wassergew\u00f6hnt sind und zumindest zwei Lagen in der sogenannten Grobform beherrschen! In regelm\u00e4\u00dfigen Abst\u00e4nden gibt es Termine zum Vorschwimmen, jeweils an einem Samstag von 07:30 &#8211; 09:00h. Nach dem Vorschwimmen laden wir jene Kinder, die unsere &#8222;Aufnahmepr\u00fcfung&#8220; bestehen, an den [&hellip;]<\/p>\n","protected":false},"author":1,"featured_media":167,"parent":0,"menu_order":0,"comment_status":"closed","ping_status":"closed","template":"","meta":{"footnotes":""},"class_list":["post-41","page","type-page","status-publish","has-post-thumbnail","hentry"],"_links":{"self":[{"href":"https:\/\/w3.svv.or.at\/index.php?rest_route=\/wp\/v2\/pages\/41"}],"collection":[{"href":"https:\/\/w3.svv.or.at\/index.php?rest_route=\/wp\/v2\/pages"}],"about":[{"href":"https:\/\/w3.svv.or.at\/index.php?rest_route=\/wp\/v2\/types\/page"}],"author":[{"embeddable":true,"href":"https:\/\/w3.svv.or.at\/index.php?rest_route=\/wp\/v2\/users\/1"}],"replies":[{"embeddable":true,"href":"https:\/\/w3.svv.or.at\/index.php?rest_route=%2Fwp%2Fv2%2Fcomments&post=41"}],"version-history":[{"count":9,"href":"https:\/\/w3.svv.or.at\/index.php?rest_route=\/wp\/v2\/pages\/41\/revisions"}],"predecessor-version":[{"id":1550,"href":"https:\/\/w3.svv.or.at\/index.php?rest_route=\/wp\/v2\/pages\/41\/revisions\/1550"}],"wp:featuredmedia":[{"embeddable":true,"href":"https:\/\/w3.svv.or.at\/index.php?rest_route=\/wp\/v2\/media\/167"}],"wp:attachment":[{"href":"https:\/\/w3.svv.or.at\/index.php?rest_route=%2Fwp%2Fv2%2Fmedia&parent=41"}],"curies":[{"name":"wp","href":"https:\/\/api.w.org\/{rel}","templated":true}]}}