{"id":53,"date":"2024-08-22T14:15:21","date_gmt":"2024-08-22T14:15:21","guid":{"rendered":"http:\/\/w3.svv.or.at\/?page_id=53"},"modified":"2025-03-29T10:50:40","modified_gmt":"2025-03-29T10:50:40","slug":"raiffeisenbank-meeting","status":"publish","type":"page","link":"https:\/\/w3.svv.or.at\/?page_id=53","title":{"rendered":"Raiffeisenbank-Meeting"},"content":{"rendered":"\n<figure class=\"wp-block-gallery has-nested-images columns-default is-cropped wp-block-gallery-1 is-layout-flex wp-block-gallery-is-layout-flex\">\n<figure class=\"wp-block-image size-large is-style-default\"><img loading=\"lazy\" decoding=\"async\" width=\"1024\" height=\"768\" data-id=\"938\" src=\"https:\/\/w3.svv.or.at\/wp-content\/uploads\/2025\/02\/PB090115-1024x768.jpg\" alt=\"\" class=\"wp-image-938\" srcset=\"https:\/\/w3.svv.or.at\/wp-content\/uploads\/2025\/02\/PB090115-1024x768.jpg 1024w, https:\/\/w3.svv.or.at\/wp-content\/uploads\/2025\/02\/PB090115-300x225.jpg 300w, https:\/\/w3.svv.or.at\/wp-content\/uploads\/2025\/02\/PB090115-768x576.jpg 768w, https:\/\/w3.svv.or.at\/wp-content\/uploads\/2025\/02\/PB090115.jpg 1387w\" sizes=\"(max-width: 1024px) 100vw, 1024px\" \/><\/figure>\n\n\n\n<figure class=\"wp-block-image size-large\"><img loading=\"lazy\" decoding=\"async\" width=\"1024\" height=\"768\" data-id=\"936\" src=\"https:\/\/w3.svv.or.at\/wp-content\/uploads\/2025\/02\/PB091053-1024x768.jpg\" alt=\"\" class=\"wp-image-936\" srcset=\"https:\/\/w3.svv.or.at\/wp-content\/uploads\/2025\/02\/PB091053-1024x768.jpg 1024w, https:\/\/w3.svv.or.at\/wp-content\/uploads\/2025\/02\/PB091053-300x225.jpg 300w, https:\/\/w3.svv.or.at\/wp-content\/uploads\/2025\/02\/PB091053-768x576.jpg 768w, https:\/\/w3.svv.or.at\/wp-content\/uploads\/2025\/02\/PB091053.jpg 1387w\" sizes=\"(max-width: 1024px) 100vw, 1024px\" \/><\/figure>\n\n\n\n<figure class=\"wp-block-image size-large\"><img loading=\"lazy\" decoding=\"async\" width=\"1024\" height=\"768\" data-id=\"937\" src=\"https:\/\/w3.svv.or.at\/wp-content\/uploads\/2025\/02\/PB090212-1024x768.jpg\" alt=\"\" class=\"wp-image-937\" srcset=\"https:\/\/w3.svv.or.at\/wp-content\/uploads\/2025\/02\/PB090212-1024x768.jpg 1024w, https:\/\/w3.svv.or.at\/wp-content\/uploads\/2025\/02\/PB090212-300x225.jpg 300w, https:\/\/w3.svv.or.at\/wp-content\/uploads\/2025\/02\/PB090212-768x576.jpg 768w, https:\/\/w3.svv.or.at\/wp-content\/uploads\/2025\/02\/PB090212.jpg 1387w\" sizes=\"(max-width: 1024px) 100vw, 1024px\" \/><\/figure>\n\n\n\n<figure class=\"wp-block-image size-large\"><img loading=\"lazy\" decoding=\"async\" width=\"1024\" height=\"768\" data-id=\"939\" src=\"https:\/\/w3.svv.or.at\/wp-content\/uploads\/2025\/02\/RaikaMeeting_JakobEdthofer-2048x1536-1-1024x768.jpg\" alt=\"\" class=\"wp-image-939\" srcset=\"https:\/\/w3.svv.or.at\/wp-content\/uploads\/2025\/02\/RaikaMeeting_JakobEdthofer-2048x1536-1-1024x768.jpg 1024w, https:\/\/w3.svv.or.at\/wp-content\/uploads\/2025\/02\/RaikaMeeting_JakobEdthofer-2048x1536-1-300x225.jpg 300w, https:\/\/w3.svv.or.at\/wp-content\/uploads\/2025\/02\/RaikaMeeting_JakobEdthofer-2048x1536-1-768x576.jpg 768w, https:\/\/w3.svv.or.at\/wp-content\/uploads\/2025\/02\/RaikaMeeting_JakobEdthofer-2048x1536-1-1536x1152.jpg 1536w, https:\/\/w3.svv.or.at\/wp-content\/uploads\/2025\/02\/RaikaMeeting_JakobEdthofer-2048x1536-1.jpg 2048w\" sizes=\"(max-width: 1024px) 100vw, 1024px\" \/><\/figure>\n\n\n\n<figure class=\"wp-block-image size-large\"><img loading=\"lazy\" decoding=\"async\" width=\"1024\" height=\"768\" data-id=\"940\" src=\"https:\/\/w3.svv.or.at\/wp-content\/uploads\/2025\/02\/AustralischesFinale-2048x1536-1-1024x768.jpg\" alt=\"\" class=\"wp-image-940\" srcset=\"https:\/\/w3.svv.or.at\/wp-content\/uploads\/2025\/02\/AustralischesFinale-2048x1536-1-1024x768.jpg 1024w, https:\/\/w3.svv.or.at\/wp-content\/uploads\/2025\/02\/AustralischesFinale-2048x1536-1-300x225.jpg 300w, https:\/\/w3.svv.or.at\/wp-content\/uploads\/2025\/02\/AustralischesFinale-2048x1536-1-768x576.jpg 768w, https:\/\/w3.svv.or.at\/wp-content\/uploads\/2025\/02\/AustralischesFinale-2048x1536-1-1536x1152.jpg 1536w, https:\/\/w3.svv.or.at\/wp-content\/uploads\/2025\/02\/AustralischesFinale-2048x1536-1.jpg 2048w\" sizes=\"(max-width: 1024px) 100vw, 1024px\" \/><\/figure>\n<\/figure>\n\n\n\n<p>Das <strong>Internationale Raiffeisenbankmeeting<\/strong> in V\u00f6cklabruck ist ein j\u00e4hrlicher Fixpunkt im Schwimmsportkalender und begeistert seit Jahrzehnten Sportler und Zuschauer gleicherma\u00dfen. Bei diesem traditionsreichen Event treten \u00fcber 300 Schwimmer bei \u00fcber 2.000 Starts aus \u00d6sterreich und dem benachbarten Ausland in spannenden Wettk\u00e4mpfen gegeneinander an. Von talentierten Nachwuchsschwimmern bis hin zu EM- und WM-Teilnehmern und Medaillengewinnern ist das Starterfeld traditionell sehr hochkar\u00e4tig besetzt.<\/p>\n\n\n\n<p>Die Veranstaltung bietet Wettk\u00e4mpfe auf klassischen <strong>Distanzen zwischen 50 und 200 Metern <\/strong>und ein vielseitiges Rahmenprogramm mit besonderen Highlights wie dem spektakul\u00e4ren<strong> \u201eAustralischen Finale\u201c<\/strong>. Die sechs schnellsten Schwimmer \u00fcber 100 m Freistil treten in f\u00fcnf Runden \u00fcber 50 m Freistil gegeneinander an \u2013 nach jeder Runde scheidet der Letztplatzierte aus, bis der Sieger feststeht. F\u00fcr zus\u00e4tzliche Spannung sorgt der&nbsp;<strong>vereins\u00fcbergreifende Staffelbewerb<\/strong>, der den Teamgeist der Athleten \u00fcber Vereinsgrenzen hinweg herausfordert.<\/p>\n\n\n\n<p>Neben sportlichen H\u00f6chstleistungen stehen Fairness, Teamgeist und die F\u00f6rderung der Schwimmtalente im Mittelpunkt. Das Meeting zieht nicht nur ambitionierte Athleten, sondern auch ein begeistertes Publikum ins Hallenbad V\u00f6cklabruck.<\/p>\n\n\n\n<details class=\"wp-block-details is-layout-flow wp-block-details-is-layout-flow\" open><summary>38. V\u00f6cklabrucker Raiffeisenbankmeeting: 15.\/16. November 2025<\/summary>\n<p><a href=\"https:\/\/msecm.at\/de\/veranstaltung-details?eventid=2053\">Weitere Infos (Ausschreibung, Ergebnisse, Live Timing) auf MSECM<\/a><\/p>\n\n\n\n<p><\/p>\n<\/details>\n\n\n\n<details class=\"wp-block-details is-layout-flow wp-block-details-is-layout-flow\"><summary>37. V\u00f6cklabrucker Raiffeisenbankmeeting: 09.\/10. November 2024<\/summary>\n<p><a href=\"https:\/\/msecm.at\/de\/veranstaltung-details?eventid=1950\" target=\"_blank\" rel=\"noreferrer noopener\">Weitere&nbsp;Infos (Ausschreibung, Ergebnisse) auf MSECM&nbsp;<\/a><\/p>\n<\/details>\n\n\n\n<div style=\"height:12px\" aria-hidden=\"true\" class=\"wp-block-spacer\"><\/div>\n\n\n\n<details class=\"wp-block-details is-layout-flow wp-block-details-is-layout-flow\"><summary>04.\/05. November 2023<\/summary>\n<p><a href=\"https:\/\/www.msecm.at\/de\/veranstaltung-details?eventid=1859\" target=\"_blank\" rel=\"noreferrer noopener\">Weitere&nbsp;Infos (Ausschreibung, Ergebnisse) auf MSECM&nbsp;<\/a><\/p>\n<\/details>\n\n\n\n<div style=\"height:12px\" aria-hidden=\"true\" class=\"wp-block-spacer\"><\/div>\n\n\n\n<details class=\"wp-block-details is-layout-flow wp-block-details-is-layout-flow\"><summary>19.\/20. November 2022<\/summary>\n<p><a href=\"https:\/\/www.msecm.at\/de\/veranstaltung-details?eventid=1806\" target=\"_blank\" rel=\"noreferrer noopener\">Weitere Infos (Ausschreibung, Ergebnisse) auf MSECM<\/a><\/p>\n<\/details>\n\n\n\n<div style=\"height:12px\" aria-hidden=\"true\" class=\"wp-block-spacer\"><\/div>\n\n\n\n<details class=\"wp-block-details is-layout-flow wp-block-details-is-layout-flow\"><summary>2021<\/summary>\n<p><strong>abgesagt wegen COVID 19<\/strong><\/p>\n<\/details>\n\n\n\n<div style=\"height:12px\" aria-hidden=\"true\" class=\"wp-block-spacer\"><\/div>\n\n\n\n<details class=\"wp-block-details is-layout-flow wp-block-details-is-layout-flow\"><summary>2020<\/summary>\n<p><strong>abgesagt wegen COVID 19<\/strong><\/p>\n<\/details>\n\n\n\n<div style=\"height:12px\" aria-hidden=\"true\" class=\"wp-block-spacer\"><\/div>\n\n\n\n<details class=\"wp-block-details is-layout-flow wp-block-details-is-layout-flow\"><summary>16.\/17. November 2019<\/summary>\n<p><a href=\"https:\/\/www.msecm.at\/de\/veranstaltung-details?eventid=1451\" target=\"_blank\" rel=\"noreferrer noopener\">Weitere Infos (Ausschreibung, Ergebnisse) auf MSECM<\/a><\/p>\n<\/details>\n\n\n\n<div style=\"height:12px\" aria-hidden=\"true\" class=\"wp-block-spacer\"><\/div>\n\n\n\n<details class=\"wp-block-details is-layout-flow wp-block-details-is-layout-flow\"><summary>17.\/18. November 2018<\/summary>\n<p><a href=\"https:\/\/www.msecm.at\/de\/veranstaltung-details?eventid=1451\" target=\"_blank\" rel=\"noreferrer noopener\">Weitere Infos (Ausschreibung, Ergebnisse) auf MSECM<\/a><\/p>\n<\/details>\n\n\n\n<div style=\"height:12px\" aria-hidden=\"true\" class=\"wp-block-spacer\"><\/div>\n\n\n\n<details class=\"wp-block-details is-layout-flow wp-block-details-is-layout-flow\"><summary>11.\/12. November 2017<\/summary>\n<p><a href=\"http:\/\/www.msecm.at\/de\/veranstaltung-details?eventid=1348\" target=\"_blank\" rel=\"noreferrer noopener\">Weitere Infos (Ausschreibung, Ergebnisse) auf MSECM<\/a><\/p>\n<\/details>\n\n\n\n<div style=\"height:12px\" aria-hidden=\"true\" class=\"wp-block-spacer\"><\/div>\n\n\n\n<details class=\"wp-block-details is-layout-flow wp-block-details-is-layout-flow\"><summary>12.\/13. November 2016<\/summary>\n<p><a href=\"http:\/\/www.msecm.at\/de\/veranstaltung-details?eventid=1281\" target=\"_blank\" rel=\"noreferrer noopener\">Weitere Infos (Ausschreibung, Ergebnisse) auf MSECM<\/a><\/p>\n<\/details>\n\n\n\n<div style=\"height:12px\" aria-hidden=\"true\" class=\"wp-block-spacer\"><\/div>\n\n\n\n<details class=\"wp-block-details is-layout-flow wp-block-details-is-layout-flow\"><summary>21.\/22. November 2015<\/summary>\n<p><a href=\"http:\/\/www.msecm.at\/index.php?L=1&amp;M=-2&amp;VID=388\" target=\"_blank\" rel=\"noreferrer noopener\">Weitere Infos (Ausschreibung, Ergebnisse) auf MSECM<\/a><\/p>\n<\/details>\n\n\n\n<div style=\"height:12px\" aria-hidden=\"true\" class=\"wp-block-spacer\"><\/div>\n\n\n\n<details class=\"wp-block-details is-layout-flow wp-block-details-is-layout-flow\"><summary>15.\/16. November 2014<\/summary>\n<p><a href=\"http:\/\/www.msecm.at\/index.php?L=1&amp;M=-2&amp;VID=293\" target=\"_blank\" rel=\"noreferrer noopener\">Weitere Infos (Ausschreibung, Ergebnisse) auf MSECM<\/a><\/p>\n<\/details>\n\n\n\n<div style=\"height:12px\" aria-hidden=\"true\" class=\"wp-block-spacer\"><\/div>\n\n\n\n<details class=\"wp-block-details is-layout-flow wp-block-details-is-layout-flow\"><summary>16.\/17. November 2013<\/summary>\n<p><a href=\"http:\/\/www.msecm.at\/index.php?L=1&amp;M=-2&amp;VID=234\" target=\"_blank\" rel=\"noreferrer noopener\">Weitere Infos (Ausschreibung, Ergebnisse) auf MSECM<\/a><\/p>\n<\/details>\n\n\n\n<div style=\"height:12px\" aria-hidden=\"true\" class=\"wp-block-spacer\"><\/div>\n\n\n\n<p><\/p>\n","protected":false},"excerpt":{"rendered":"<p>Das Internationale Raiffeisenbankmeeting in V\u00f6cklabruck ist ein j\u00e4hrlicher Fixpunkt im Schwimmsportkalender und begeistert seit Jahrzehnten Sportler und Zuschauer gleicherma\u00dfen. Bei diesem traditionsreichen Event treten \u00fcber 300 Schwimmer bei \u00fcber 2.000 Starts aus \u00d6sterreich und dem benachbarten Ausland in spannenden Wettk\u00e4mpfen gegeneinander an. Von talentierten Nachwuchsschwimmern bis hin zu EM- und WM-Teilnehmern und Medaillengewinnern ist das [&hellip;]<\/p>\n","protected":false},"author":1,"featured_media":184,"parent":0,"menu_order":0,"comment_status":"closed","ping_status":"closed","template":"","meta":{"footnotes":""},"class_list":["post-53","page","type-page","status-publish","has-post-thumbnail","hentry"],"_links":{"self":[{"href":"https:\/\/w3.svv.or.at\/index.php?rest_route=\/wp\/v2\/pages\/53"}],"collection":[{"href":"https:\/\/w3.svv.or.at\/index.php?rest_route=\/wp\/v2\/pages"}],"about":[{"href":"https:\/\/w3.svv.or.at\/index.php?rest_route=\/wp\/v2\/types\/page"}],"author":[{"embeddable":true,"href":"https:\/\/w3.svv.or.at\/index.php?rest_route=\/wp\/v2\/users\/1"}],"replies":[{"embeddable":true,"href":"https:\/\/w3.svv.or.at\/index.php?rest_route=%2Fwp%2Fv2%2Fcomments&post=53"}],"version-history":[{"count":9,"href":"https:\/\/w3.svv.or.at\/index.php?rest_route=\/wp\/v2\/pages\/53\/revisions"}],"predecessor-version":[{"id":1114,"href":"https:\/\/w3.svv.or.at\/index.php?rest_route=\/wp\/v2\/pages\/53\/revisions\/1114"}],"wp:featuredmedia":[{"embeddable":true,"href":"https:\/\/w3.svv.or.at\/index.php?rest_route=\/wp\/v2\/media\/184"}],"wp:attachment":[{"href":"https:\/\/w3.svv.or.at\/index.php?rest_route=%2Fwp%2Fv2%2Fmedia&parent=53"}],"curies":[{"name":"wp","href":"https:\/\/api.w.org\/{rel}","templated":true}]}}