{"id":6,"date":"2024-08-22T13:08:06","date_gmt":"2024-08-22T13:08:06","guid":{"rendered":"http:\/\/w3.svv.or.at\/?page_id=6"},"modified":"2025-03-03T08:57:00","modified_gmt":"2025-03-03T08:57:00","slug":"startseite","status":"publish","type":"page","link":"https:\/\/w3.svv.or.at\/","title":{"rendered":"Startseite"},"content":{"rendered":"\n<h2 class=\"wp-block-heading has-large-font-size\">BEI UNS IST IMMER ETWAS LOS<\/h2>\n\n\n<ul style=\"font-size:13px; padding-top:0;padding-bottom:0;\" class=\"wp-block-latest-posts__list is-grid columns-3 wp-block-latest-posts\"><li><div class=\"wp-block-latest-posts__featured-image\"><a href=\"https:\/\/w3.svv.or.at\/?p=1572\" aria-label=\"Trainingslager St. P\u00f6lten\"><img loading=\"lazy\" decoding=\"async\" width=\"680\" height=\"510\" src=\"https:\/\/w3.svv.or.at\/wp-content\/uploads\/2026\/04\/Trainingslager_2026_StPoelten-1-1024x768.jpg\" class=\"attachment-large size-large wp-post-image\" alt=\"\" style=\"max-width:256px;max-height:256px;\" srcset=\"https:\/\/w3.svv.or.at\/wp-content\/uploads\/2026\/04\/Trainingslager_2026_StPoelten-1-1024x768.jpg 1024w, https:\/\/w3.svv.or.at\/wp-content\/uploads\/2026\/04\/Trainingslager_2026_StPoelten-1-300x225.jpg 300w, https:\/\/w3.svv.or.at\/wp-content\/uploads\/2026\/04\/Trainingslager_2026_StPoelten-1-768x576.jpg 768w, https:\/\/w3.svv.or.at\/wp-content\/uploads\/2026\/04\/Trainingslager_2026_StPoelten-1.jpg 1498w\" sizes=\"(max-width: 680px) 100vw, 680px\" \/><\/a><\/div><a class=\"wp-block-latest-posts__post-title\" href=\"https:\/\/w3.svv.or.at\/?p=1572\">Trainingslager St. P\u00f6lten<\/a><div class=\"wp-block-latest-posts__post-excerpt\">Von 28.03. bis 01.04. waren unser A-Kader, B-Kader und die Lagengruppe gemeinsam in St. P\u00f6lten auf Trainingslager, um f\u00fcr die kommenden Bewerbe ger\u00fcstet zu sein! \ud83d\udcaa Neben\u2026\u00a0<a class=\"wp-block-latest-posts__read-more\" href=\"https:\/\/w3.svv.or.at\/?p=1572\" rel=\"noopener noreferrer\"><span class=\"screen-reader-text\">Trainingslager St. P\u00f6lten <\/span>weiterlesen<\/a><\/div><\/li>\n<li><div class=\"wp-block-latest-posts__featured-image\"><a href=\"https:\/\/w3.svv.or.at\/?p=1565\" aria-label=\"Daniel Leitner gl\u00e4nzt beim Multi Nations Youth Swim Meet in Graz\"><img loading=\"lazy\" decoding=\"async\" width=\"680\" height=\"454\" src=\"https:\/\/w3.svv.or.at\/wp-content\/uploads\/2026\/03\/DanielLeitner-1-1024x683.jpg\" class=\"attachment-large size-large wp-post-image\" alt=\"\" style=\"max-width:256px;max-height:256px;\" srcset=\"https:\/\/w3.svv.or.at\/wp-content\/uploads\/2026\/03\/DanielLeitner-1-1024x683.jpg 1024w, https:\/\/w3.svv.or.at\/wp-content\/uploads\/2026\/03\/DanielLeitner-1-300x200.jpg 300w, https:\/\/w3.svv.or.at\/wp-content\/uploads\/2026\/03\/DanielLeitner-1-768x512.jpg 768w, https:\/\/w3.svv.or.at\/wp-content\/uploads\/2026\/03\/DanielLeitner-1-1536x1024.jpg 1536w, https:\/\/w3.svv.or.at\/wp-content\/uploads\/2026\/03\/DanielLeitner-1-2048x1365.jpg 2048w\" sizes=\"(max-width: 680px) 100vw, 680px\" \/><\/a><\/div><a class=\"wp-block-latest-posts__post-title\" href=\"https:\/\/w3.svv.or.at\/?p=1565\">Daniel Leitner gl\u00e4nzt beim Multi Nations Youth Swim Meet in Graz<\/a><div class=\"wp-block-latest-posts__post-excerpt\">Beim Multi Nations Youth Swim Meet 2026, das am 28. und 29. M\u00e4rz in der Auster in Graz ausgetragen wurde, trafen sich 14 Nationen aus der ganzen\u2026\u00a0<a class=\"wp-block-latest-posts__read-more\" href=\"https:\/\/w3.svv.or.at\/?p=1565\" rel=\"noopener noreferrer\"><span class=\"screen-reader-text\">Daniel Leitner gl\u00e4nzt beim Multi Nations Youth Swim Meet in Graz <\/span>weiterlesen<\/a><\/div><\/li>\n<li><div class=\"wp-block-latest-posts__featured-image\"><a href=\"https:\/\/w3.svv.or.at\/?p=1551\" aria-label=\"Franziska Ruttenstock zur Sprintk\u00f6nigin bei Gugl Sprintmeeting gekr\u00f6nt\"><img loading=\"lazy\" decoding=\"async\" width=\"680\" height=\"512\" src=\"https:\/\/w3.svv.or.at\/wp-content\/uploads\/2026\/03\/SVV_GuglSprint26_FRuttenstock-1-1024x771.jpg\" class=\"attachment-large size-large wp-post-image\" alt=\"\" style=\"max-width:256px;max-height:256px;\" srcset=\"https:\/\/w3.svv.or.at\/wp-content\/uploads\/2026\/03\/SVV_GuglSprint26_FRuttenstock-1-1024x771.jpg 1024w, https:\/\/w3.svv.or.at\/wp-content\/uploads\/2026\/03\/SVV_GuglSprint26_FRuttenstock-1-300x226.jpg 300w, https:\/\/w3.svv.or.at\/wp-content\/uploads\/2026\/03\/SVV_GuglSprint26_FRuttenstock-1-768x578.jpg 768w, https:\/\/w3.svv.or.at\/wp-content\/uploads\/2026\/03\/SVV_GuglSprint26_FRuttenstock-1-1536x1156.jpg 1536w, https:\/\/w3.svv.or.at\/wp-content\/uploads\/2026\/03\/SVV_GuglSprint26_FRuttenstock-1-2048x1542.jpg 2048w\" sizes=\"(max-width: 680px) 100vw, 680px\" \/><\/a><\/div><a class=\"wp-block-latest-posts__post-title\" href=\"https:\/\/w3.svv.or.at\/?p=1551\">Franziska Ruttenstock zur Sprintk\u00f6nigin bei Gugl Sprintmeeting gekr\u00f6nt<\/a><div class=\"wp-block-latest-posts__post-excerpt\">Beim 3. Int. Gugl Sprint Meeting am 21.\/22. M\u00e4rz 2026 in Linz zeigte der Schwimmverein V\u00f6cklabruck einmal mehr seine gro\u00dfe Bandbreite im Jugendbereich und in der Allgemeinen\u2026\u00a0<a class=\"wp-block-latest-posts__read-more\" href=\"https:\/\/w3.svv.or.at\/?p=1551\" rel=\"noopener noreferrer\"><span class=\"screen-reader-text\">Franziska Ruttenstock zur Sprintk\u00f6nigin bei Gugl Sprintmeeting gekr\u00f6nt <\/span>weiterlesen<\/a><\/div><\/li>\n<li><div class=\"wp-block-latest-posts__featured-image\"><a href=\"https:\/\/w3.svv.or.at\/?p=1527\" aria-label=\"SVV mit bester Bilanz aus O\u00d6 bei \u00d6 Nachwuchsmeisterschaften\"><img loading=\"lazy\" decoding=\"async\" width=\"680\" height=\"512\" src=\"https:\/\/w3.svv.or.at\/wp-content\/uploads\/2026\/03\/SVV_Mannschaft_Graz2026-1024x771.jpg\" class=\"attachment-large size-large wp-post-image\" alt=\"\" style=\"max-width:256px;max-height:256px;\" srcset=\"https:\/\/w3.svv.or.at\/wp-content\/uploads\/2026\/03\/SVV_Mannschaft_Graz2026-1024x771.jpg 1024w, https:\/\/w3.svv.or.at\/wp-content\/uploads\/2026\/03\/SVV_Mannschaft_Graz2026-300x226.jpg 300w, https:\/\/w3.svv.or.at\/wp-content\/uploads\/2026\/03\/SVV_Mannschaft_Graz2026-768x578.jpg 768w, https:\/\/w3.svv.or.at\/wp-content\/uploads\/2026\/03\/SVV_Mannschaft_Graz2026-1536x1157.jpg 1536w, https:\/\/w3.svv.or.at\/wp-content\/uploads\/2026\/03\/SVV_Mannschaft_Graz2026-2048x1542.jpg 2048w\" sizes=\"(max-width: 680px) 100vw, 680px\" \/><\/a><\/div><a class=\"wp-block-latest-posts__post-title\" href=\"https:\/\/w3.svv.or.at\/?p=1527\">SVV mit bester Bilanz aus O\u00d6 bei \u00d6 Nachwuchsmeisterschaften<\/a><div class=\"wp-block-latest-posts__post-excerpt\">Von 6. bis 8. M\u00e4rz 2026 fanden in der Auster Graz die \u00d6sterreichischen Meisterschaften der Nachwuchsklassen im Schwimmen statt. Insgesamt 471 Schwimmer aus ganz \u00d6sterreich sorgten mit\u2026\u00a0<a class=\"wp-block-latest-posts__read-more\" href=\"https:\/\/w3.svv.or.at\/?p=1527\" rel=\"noopener noreferrer\"><span class=\"screen-reader-text\">SVV mit bester Bilanz aus O\u00d6 bei \u00d6 Nachwuchsmeisterschaften <\/span>weiterlesen<\/a><\/div><\/li>\n<li><div class=\"wp-block-latest-posts__featured-image\"><a href=\"https:\/\/w3.svv.or.at\/?p=1501\" aria-label=\"Starke Mannschaftsleistung des SVV-Nachwuchses in Traun\"><img loading=\"lazy\" decoding=\"async\" width=\"680\" height=\"510\" src=\"https:\/\/w3.svv.or.at\/wp-content\/uploads\/2026\/03\/JakobEdthofer-1024x768.jpg\" class=\"attachment-large size-large wp-post-image\" alt=\"\" style=\"max-width:256px;max-height:256px;\" srcset=\"https:\/\/w3.svv.or.at\/wp-content\/uploads\/2026\/03\/JakobEdthofer-1024x768.jpg 1024w, https:\/\/w3.svv.or.at\/wp-content\/uploads\/2026\/03\/JakobEdthofer-300x225.jpg 300w, https:\/\/w3.svv.or.at\/wp-content\/uploads\/2026\/03\/JakobEdthofer-768x576.jpg 768w, https:\/\/w3.svv.or.at\/wp-content\/uploads\/2026\/03\/JakobEdthofer-1536x1152.jpg 1536w, https:\/\/w3.svv.or.at\/wp-content\/uploads\/2026\/03\/JakobEdthofer-2048x1536.jpg 2048w\" sizes=\"(max-width: 680px) 100vw, 680px\" \/><\/a><\/div><a class=\"wp-block-latest-posts__post-title\" href=\"https:\/\/w3.svv.or.at\/?p=1501\">Starke Mannschaftsleistung des SVV-Nachwuchses in Traun<\/a><div class=\"wp-block-latest-posts__post-excerpt\">Bei der Werner Endtmayr AST Sharks Trophy von 28. Februar bis 1. M\u00e4rz 2026 im Badezentrum Traun zeigte der SV V\u00f6cklabruck eindrucksvoll auf. 483 Nachwuchsathleten brachten bei\u2026\u00a0<a class=\"wp-block-latest-posts__read-more\" href=\"https:\/\/w3.svv.or.at\/?p=1501\" rel=\"noopener noreferrer\"><span class=\"screen-reader-text\">Starke Mannschaftsleistung des SVV-Nachwuchses in Traun <\/span>weiterlesen<\/a><\/div><\/li>\n<li><div class=\"wp-block-latest-posts__featured-image\"><a href=\"https:\/\/w3.svv.or.at\/?p=1469\" aria-label=\"98 Medaillen und Rang 2 im Medaillenspiegel\"><img loading=\"lazy\" decoding=\"async\" width=\"680\" height=\"510\" src=\"https:\/\/w3.svv.or.at\/wp-content\/uploads\/2026\/02\/SVV_Mannschaft-1024x768.jpg\" class=\"attachment-large size-large wp-post-image\" alt=\"\" style=\"max-width:256px;max-height:256px;\" srcset=\"https:\/\/w3.svv.or.at\/wp-content\/uploads\/2026\/02\/SVV_Mannschaft-1024x768.jpg 1024w, https:\/\/w3.svv.or.at\/wp-content\/uploads\/2026\/02\/SVV_Mannschaft-300x225.jpg 300w, https:\/\/w3.svv.or.at\/wp-content\/uploads\/2026\/02\/SVV_Mannschaft-768x576.jpg 768w, https:\/\/w3.svv.or.at\/wp-content\/uploads\/2026\/02\/SVV_Mannschaft-1536x1152.jpg 1536w, https:\/\/w3.svv.or.at\/wp-content\/uploads\/2026\/02\/SVV_Mannschaft-2048x1536.jpg 2048w\" sizes=\"(max-width: 680px) 100vw, 680px\" \/><\/a><\/div><a class=\"wp-block-latest-posts__post-title\" href=\"https:\/\/w3.svv.or.at\/?p=1469\">98 Medaillen und Rang 2 im Medaillenspiegel<\/a><div class=\"wp-block-latest-posts__post-excerpt\">Schwimmverein V\u00f6cklabruck gl\u00e4nzt bei O\u00d6 Hallenlandesmeisterschaften Mit 43 Gold-, 31 Silber- und 24 Bronzemedaillen, und somit 98x Edelmetall, pr\u00e4sentierte sich der Schwimmverein V\u00f6cklabruck (SVV) bei den O\u00d6\u2026\u00a0<a class=\"wp-block-latest-posts__read-more\" href=\"https:\/\/w3.svv.or.at\/?p=1469\" rel=\"noopener noreferrer\"><span class=\"screen-reader-text\">98 Medaillen und Rang 2 im Medaillenspiegel <\/span>weiterlesen<\/a><\/div><\/li>\n<\/ul>\n\n\n<div style=\"height:100px\" aria-hidden=\"true\" class=\"wp-block-spacer\"><\/div>\n\n\n\n<div class=\"alignnormal\"><div id=\"metaslider-id-377\" style=\"width: 100%;\" class=\"ml-slider-3-90-1 metaslider metaslider-flex metaslider-377 ml-slider hide-arrows-smartphone ms-theme-default nav-hidden\" role=\"region\" aria-roledescription=\"Slideshow\" aria-label=\"Slide Sponsoren\">\n    <div id=\"metaslider_container_377\">\n        <div id=\"metaslider_377\">\n            <ul class='slides'>\n                <li style=\"display: block; width: 100%;\" class=\"slide-384 ms-image \" aria-roledescription=\"slide\" aria-label=\"slide-384\"><a href=\"https:\/\/www.raiffeisen.at\/ooe\/region-voecklabruck\/\" target=\"_blank\"><img loading=\"lazy\" decoding=\"async\" width=\"830\" height=\"158\" src=\"https:\/\/w3.svv.or.at\/wp-content\/uploads\/2024\/08\/raiffeisenbank.jpg\" class=\"slider-377 slide-384\" alt=\"\" rel=\"\" title=\"raiffeisenbank\" style=\"margin-top: 0.48192771084337%\" srcset=\"https:\/\/w3.svv.or.at\/wp-content\/uploads\/2024\/08\/raiffeisenbank.jpg 830w, https:\/\/w3.svv.or.at\/wp-content\/uploads\/2024\/08\/raiffeisenbank-300x57.jpg 300w, https:\/\/w3.svv.or.at\/wp-content\/uploads\/2024\/08\/raiffeisenbank-768x146.jpg 768w\" sizes=\"(max-width: 830px) 100vw, 830px\" \/><\/a><\/li>\n                <li style=\"display: none; width: 100%;\" class=\"slide-380 ms-image \" aria-roledescription=\"slide\" aria-label=\"slide-380\"><a href=\"https:\/\/www.burgstallers.at\/\" target=\"_blank\"><img loading=\"lazy\" decoding=\"async\" width=\"595\" height=\"419\" src=\"https:\/\/w3.svv.or.at\/wp-content\/uploads\/2024\/08\/burgstaller_klein.jpg\" class=\"slider-377 slide-380\" alt=\"\" rel=\"\" title=\"burgstaller_klein\" style=\"margin: 0 auto; width: 28.400954653938%\" srcset=\"https:\/\/w3.svv.or.at\/wp-content\/uploads\/2024\/08\/burgstaller_klein.jpg 595w, https:\/\/w3.svv.or.at\/wp-content\/uploads\/2024\/08\/burgstaller_klein-300x211.jpg 300w\" sizes=\"(max-width: 595px) 100vw, 595px\" \/><\/a><\/li>\n                <li style=\"display: none; width: 100%;\" class=\"slide-379 ms-image \" aria-roledescription=\"slide\" aria-label=\"slide-379\"><a href=\"https:\/\/www.zahnarztpraxis-voecklamarkt.at\/\" target=\"_blank\"><img loading=\"lazy\" decoding=\"async\" width=\"300\" height=\"259\" src=\"https:\/\/w3.svv.or.at\/wp-content\/uploads\/2024\/08\/zahnaerzteVoecklamarkt.jpg\" class=\"slider-377 slide-379\" alt=\"\" rel=\"\" title=\"logo_final.cdr\" style=\"margin: 0 auto; width: 23.166023166023%\" \/><\/a><\/li>\n                <li style=\"display: none; width: 100%;\" class=\"slide-1350 ms-image \" aria-roledescription=\"slide\" aria-label=\"slide-1350\"><a href=\"https:\/\/www.zahnarzt-schustereder.at\/\" target=\"_blank\"><img loading=\"lazy\" decoding=\"async\" width=\"268\" height=\"50\" src=\"https:\/\/w3.svv.or.at\/wp-content\/uploads\/2025\/02\/schustereder.jpg\" class=\"slider-377 slide-1350\" alt=\"\" rel=\"\" title=\"schustereder\" style=\"margin-top: 0.67164179104478%\" \/><\/a><\/li>\n                <li style=\"display: none; width: 100%;\" class=\"slide-383 ms-image \" aria-roledescription=\"slide\" aria-label=\"slide-383\"><a href=\"https:\/\/www.aim-gmbh.at\/\" target=\"_blank\"><img loading=\"lazy\" decoding=\"async\" width=\"498\" height=\"101\" src=\"https:\/\/w3.svv.or.at\/wp-content\/uploads\/2025\/02\/aim_technicalsolutions.png\" class=\"slider-377 slide-383\" alt=\"\" rel=\"\" title=\"aim_technicalsolutions\" style=\"margin: 0 auto; width: 98.613861386139%\" srcset=\"https:\/\/w3.svv.or.at\/wp-content\/uploads\/2025\/02\/aim_technicalsolutions.png 498w, https:\/\/w3.svv.or.at\/wp-content\/uploads\/2025\/02\/aim_technicalsolutions-300x61.png 300w\" sizes=\"(max-width: 498px) 100vw, 498px\" \/><\/a><\/li>\n            <\/ul>\n        <\/div>\n        \n    <\/div>\n<\/div><\/div>\n\n\n\n<p><\/p>\n","protected":false},"excerpt":{"rendered":"<p>BEI UNS IST IMMER ETWAS LOS<\/p>\n","protected":false},"author":1,"featured_media":153,"parent":0,"menu_order":0,"comment_status":"closed","ping_status":"closed","template":"","meta":{"footnotes":""},"class_list":["post-6","page","type-page","status-publish","has-post-thumbnail","hentry"],"_links":{"self":[{"href":"https:\/\/w3.svv.or.at\/index.php?rest_route=\/wp\/v2\/pages\/6"}],"collection":[{"href":"https:\/\/w3.svv.or.at\/index.php?rest_route=\/wp\/v2\/pages"}],"about":[{"href":"https:\/\/w3.svv.or.at\/index.php?rest_route=\/wp\/v2\/types\/page"}],"author":[{"embeddable":true,"href":"https:\/\/w3.svv.or.at\/index.php?rest_route=\/wp\/v2\/users\/1"}],"replies":[{"embeddable":true,"href":"https:\/\/w3.svv.or.at\/index.php?rest_route=%2Fwp%2Fv2%2Fcomments&post=6"}],"version-history":[{"count":40,"href":"https:\/\/w3.svv.or.at\/index.php?rest_route=\/wp\/v2\/pages\/6\/revisions"}],"predecessor-version":[{"id":1067,"href":"https:\/\/w3.svv.or.at\/index.php?rest_route=\/wp\/v2\/pages\/6\/revisions\/1067"}],"wp:featuredmedia":[{"embeddable":true,"href":"https:\/\/w3.svv.or.at\/index.php?rest_route=\/wp\/v2\/media\/153"}],"wp:attachment":[{"href":"https:\/\/w3.svv.or.at\/index.php?rest_route=%2Fwp%2Fv2%2Fmedia&parent=6"}],"curies":[{"name":"wp","href":"https:\/\/api.w.org\/{rel}","templated":true}]}}