{"id":64,"date":"2024-08-22T14:29:47","date_gmt":"2024-08-22T14:29:47","guid":{"rendered":"http:\/\/w3.svv.or.at\/?page_id=64"},"modified":"2025-11-19T21:22:43","modified_gmt":"2025-11-19T21:22:43","slug":"verein-2","status":"publish","type":"page","link":"https:\/\/w3.svv.or.at\/?page_id=64","title":{"rendered":"\u00dcber Uns"},"content":{"rendered":"\n<p>In diesem Bereich findest du alles Wissenswerte \u00fcber den <strong>Schwimmverein V\u00f6cklabruck<\/strong>. <\/p>\n\n\n\n<p>Erfahre mehr \u00fcber unseren <strong><a href=\"https:\/\/w3.svv.or.at\/?page_id=664\" data-type=\"page\" data-id=\"664\">Verein<\/a><\/strong>, unsere <strong><a href=\"https:\/\/w3.svv.or.at\/?page_id=27\" data-type=\"page\" data-id=\"27\">Statuten<\/a><\/strong> und unseren <a href=\"https:\/\/w3.svv.or.at\/?page_id=35\" data-type=\"page\" data-id=\"35\"><strong>Vorstand &amp; Trainer<\/strong><\/a>. Bleibe mit den neuesten <strong><a href=\"https:\/\/w3.svv.or.at\/?page_id=443\" data-type=\"page\" data-id=\"443\">News<\/a><\/strong> und unserem <strong><a href=\"https:\/\/w3.svv.or.at\/?page_id=678\" data-type=\"page\" data-id=\"678\">Archiv<\/a><\/strong> immer auf dem Laufenden, oder wirf einen Blick in die Vergangenheit in unserer <strong><a href=\"https:\/\/w3.svv.or.at\/?page_id=674\" data-type=\"page\" data-id=\"674\">Chronik<\/a>.<\/strong><\/p>\n\n\n\n<p>In der <strong><a href=\"https:\/\/w3.svv.or.at\/?page_id=239\" data-type=\"page\" data-id=\"239\">Hall of Fame<\/a><\/strong> ehren wir unsere erfolgreichsten Schwimmer. Wie schnell unsere Schwimmer sind, k\u00f6nnt ihr bei den <a href=\"https:\/\/w3.svv.or.at\/?page_id=670\" data-type=\"page\" data-id=\"670\"><strong>Vereinsrekorden<\/strong><\/a> nachschlagen. Unter <strong><a href=\"https:\/\/w3.svv.or.at\/?page_id=672\" data-type=\"page\" data-id=\"672\">Unterst\u00fctzer<\/a><\/strong> stellen wir die Partner vor, die unseren Verein tatkr\u00e4ftig f\u00f6rdern.<\/p>\n\n\n\n<p><strong>Viel Spa\u00df beim Schm\u00f6kern!<\/strong><\/p>\n","protected":false},"excerpt":{"rendered":"<p>In diesem Bereich findest du alles Wissenswerte \u00fcber den Schwimmverein V\u00f6cklabruck. Erfahre mehr \u00fcber unseren Verein, unsere Statuten und unseren Vorstand &amp; Trainer. Bleibe mit den neuesten News und unserem Archiv immer auf dem Laufenden, oder wirf einen Blick in die Vergangenheit in unserer Chronik. In der Hall of Fame ehren wir unsere erfolgreichsten Schwimmer. [&hellip;]<\/p>\n","protected":false},"author":1,"featured_media":1321,"parent":0,"menu_order":0,"comment_status":"closed","ping_status":"closed","template":"","meta":{"footnotes":""},"class_list":["post-64","page","type-page","status-publish","has-post-thumbnail","hentry"],"_links":{"self":[{"href":"https:\/\/w3.svv.or.at\/index.php?rest_route=\/wp\/v2\/pages\/64"}],"collection":[{"href":"https:\/\/w3.svv.or.at\/index.php?rest_route=\/wp\/v2\/pages"}],"about":[{"href":"https:\/\/w3.svv.or.at\/index.php?rest_route=\/wp\/v2\/types\/page"}],"author":[{"embeddable":true,"href":"https:\/\/w3.svv.or.at\/index.php?rest_route=\/wp\/v2\/users\/1"}],"replies":[{"embeddable":true,"href":"https:\/\/w3.svv.or.at\/index.php?rest_route=%2Fwp%2Fv2%2Fcomments&post=64"}],"version-history":[{"count":10,"href":"https:\/\/w3.svv.or.at\/index.php?rest_route=\/wp\/v2\/pages\/64\/revisions"}],"predecessor-version":[{"id":1054,"href":"https:\/\/w3.svv.or.at\/index.php?rest_route=\/wp\/v2\/pages\/64\/revisions\/1054"}],"wp:featuredmedia":[{"embeddable":true,"href":"https:\/\/w3.svv.or.at\/index.php?rest_route=\/wp\/v2\/media\/1321"}],"wp:attachment":[{"href":"https:\/\/w3.svv.or.at\/index.php?rest_route=%2Fwp%2Fv2%2Fmedia&parent=64"}],"curies":[{"name":"wp","href":"https:\/\/api.w.org\/{rel}","templated":true}]}}