{"id":664,"date":"2024-09-27T07:32:15","date_gmt":"2024-09-27T07:32:15","guid":{"rendered":"http:\/\/w3.svv.or.at\/?page_id=664"},"modified":"2026-01-23T19:12:15","modified_gmt":"2026-01-23T19:12:15","slug":"ueberblick","status":"publish","type":"page","link":"https:\/\/w3.svv.or.at\/?page_id=664","title":{"rendered":"\u00dcberblick"},"content":{"rendered":"\n<p>Der Schwimmverein V\u00f6cklabruck hat das Ziel, den<strong> Schwimmsport f\u00fcr alle zug\u00e4nglich zu machen und zu f\u00f6rdern<\/strong>. Dabei setzen wir uns f\u00fcr Fairness, Ehrlichkeit und die Werte des Sports ein. Unser Verein ist <strong>gemeinn\u00fctzig<\/strong> und <strong>unabh\u00e4ngig<\/strong> von Politik oder Gewinninteressen.<\/p>\n\n\n\n<p>Wir erreichen unsere Ziele, indem wir:<\/p>\n\n\n\n<ul class=\"wp-block-list\">\n<li>unseren Mitgliedern das Schwimmen erm\u00f6glichen und sie dabei unterst\u00fctzen, ihre F\u00e4higkeiten zu verbessern,<\/li>\n\n\n\n<li>Schwimmwettk\u00e4mpfe organisieren und daran teilnehmen,<\/li>\n\n\n\n<li>gesellige Veranstaltungen und Treffen anbieten, um den Teamgeist und die Gemeinschaft zu st\u00e4rken.<\/li>\n<\/ul>\n\n\n\n<p><strong>Unser Fokus liegt darauf, Sport mit Freude und Integrit\u00e4t auszu\u00fcben!<\/strong><\/p>\n\n\n\n<p><strong>Eine Erfolgsgeschichte seit 1973<\/strong><\/p>\n\n\n\n<p>Seit seiner Gr\u00fcndung im Jahr 1973 hat der Schwimmverein V\u00f6cklabruck nicht nur die lokale Schwimmszene gepr\u00e4gt, sondern auch auf&nbsp;<strong>nationaler&nbsp;<\/strong>und&nbsp;<strong>internationaler&nbsp;<\/strong>Ebene herausragende Erfolge gefeiert. Die Bilanz der SVV-Schwimmer umfasst neben zahlreichen&nbsp;<strong>O\u00d6 Landesmeistertiteln&nbsp;<\/strong>und<strong>&nbsp;\u00d6 Staatsmeistertiteln<\/strong>&nbsp;zus\u00e4tzlich unz\u00e4hlige Rekorde auf diesen Ebenen. Mit Teilnahmen der Aktiven an&nbsp;<strong>Welt- und Europameisterschaften<\/strong>, sowie Medaillengewinnen bei renommierten internationalen Gro\u00dfereignissen wie den Multinations-Meetings hat der Verein \u00fcber die Jahre hinweg eindrucksvoll seine Exzellenz unter Beweis gestellt.<\/p>\n\n\n\n<p><strong>Hindernisse und Wiederaufstieg<\/strong><\/p>\n\n\n\n<p>In der Vereinsgeschichte galt es immer wieder Hindernisse zu \u00fcberwinden, darunter der&nbsp;<strong>Neubau des V\u00f6cklabrucker Hallenbades<\/strong>&nbsp;um die Jahrtausendwende. Davon hat sich der SVV allerdings in keinster Weise in seiner Entwicklung aufhalten lassen. Sage und schreibe <strong>249 Medaillen<\/strong> errangen die V\u00f6cklabrucker Schwimmtalente im Jahr 2025 im Rahmen offizieller O\u00d6 Meisterschaften.<\/p>\n\n\n\n<p><strong>Ein starkes Team: Trainer und Wettk\u00e4mpfe<\/strong><\/p>\n\n\n\n<p>Pro Jahr absolviert das Team \u00fcber <strong>20 Wettkampfteilnahmen<\/strong>&nbsp;im In- und Ausland, bei denen die Schwimmer stets ihr K\u00f6nnen und ihre Ausdauer beweisen. Insgesamt schafften die Schwimmtalente 2025 \u00fcber <strong>700mal <\/strong>den Sprung auf das Siegerpodest. Begleitet wird die Mannschaft in ihrer Entwicklung von&nbsp;<strong>einem Team aus 22 ehrenamtlichen Trainern<\/strong>, die sie sowohl im Training als auch bei den Wettk\u00e4mpfen im Rahmen von&nbsp;<strong>1.500 j\u00e4hrlichen Trainerstunden<\/strong>&nbsp;unterst\u00fctzen.<\/p>\n\n\n\n<p><strong>Gemeinschaft und Nachwuchsf\u00f6rderung<\/strong><\/p>\n\n\n\n<p>Mit knapp\u00a0<strong>150 aktiven und unterst\u00fctzenden Mitgliedern<\/strong>\u00a0ist der Schwimmverein V\u00f6cklabruck nicht nur eine sportliche Institution, sondern auch eine starke Gemeinschaft, die gemeinsam H\u00f6hen und Tiefen durchlebt und dabei immer zusammenh\u00e4lt. Weithin in der Schwimmszene gesch\u00e4tzt ist der SVV f\u00fcr seine <strong>exzellente Nachwuchsarbeit<\/strong> und die nachhaltige F\u00f6rderung junger Talente. Mehrere Aktive sind Teil der <strong>O\u00d6 Auswahl und des \u00d6 Nationalteams<\/strong>, sowie <strong>Rekordhalter<\/strong> auf \u00d6 Ebene.<\/p>\n\n\n\n<p>Das vergangene Jahr war eines der erfolgreichsten in der gesamten Vereinsgeschichte. Erstmals in der Vereinsgeschichte sicherte sich der Schwimmverein V\u00f6cklabruck bei den O\u00d6 Landesmeisterschaften in Gmunden <strong>Rang 1 im Medaillenspiegel<\/strong> und kr\u00f6nt sich als Nr. 1 in Ober\u00f6sterreich!<\/p>\n\n\n\n<div class=\"wp-block-buttons is-layout-flex wp-block-buttons-is-layout-flex\">\n<div class=\"wp-block-button\"><a class=\"wp-block-button__link wp-element-button\" href=\"https:\/\/w3.svv.or.at\/?p=738\">Jahresr\u00fcckblick 2024<\/a><\/div>\n\n\n\n<div class=\"wp-block-button\"><a class=\"wp-block-button__link wp-element-button\" href=\"https:\/\/w3.svv.or.at\/?p=1394\">Jahresr\u00fcckblick 2025<\/a><\/div>\n<\/div>\n\n\n\n<p><\/p>\n\n\n\n<p><strong>Das j\u00e4hrliche Highlight: Das Raiffeisenbankmeeting<\/strong><\/p>\n\n\n\n<p>In 52 Jahren hat der Verein insgesamt\u00a0<strong>115 Bewerbe<\/strong>, zum Teil auch in Kooperation mit anderen Vereinen, durchgef\u00fchrt. Aktuell noch durchgef\u00fchrt werden die j\u00e4hrlichen\u00a0<strong>Stadt- und Marktmeisterschaften<\/strong>\u00a0von V\u00f6cklabruck, Gmunden, Attnang-Puchheim und Lenzing. Inklusion wird dabei aktiv durch die Einbindung von Aktiven des Vereins \u201eBr\u00fccken bauen\u201c in die Einzelbewerbe sowie die \u201eUnified-Staffel\u201c gemeinsam mit Schwimmern des SVV gelebt. Ebenso geh\u00f6rt das allj\u00e4hrliche\u00a0<strong>Raiffeisenbankmeeting\u00a0<\/strong>mit Schwimmern aus dem In- und Ausland seit 37 Jahren zu den Highlights im Vereinskalender, welches mit dem spektakul\u00e4ren Australischen Finale, einem Ausscheidungsrennen \u00fcber 5 Runden, gekr\u00f6nt wird.\u00a0<\/p>\n\n\n\n<p>Zu unserem <strong>50 j\u00e4hrigen Bestehen<\/strong> im Jahr 2023 haben wir einen kurzen Film gedreht, der Einblicke in unser Training und Tun gibt. Viel Spa\u00df beim Anschauen!<\/p>\n\n\n\n<figure class=\"wp-block-embed is-type-video is-provider-youtube wp-block-embed-youtube wp-embed-aspect-16-9 wp-has-aspect-ratio\"><div class=\"wp-block-embed__wrapper\">\n<iframe loading=\"lazy\" title=\"50 Jahre Schwimmverein V\u00f6cklabruck\" width=\"680\" height=\"383\" src=\"https:\/\/www.youtube.com\/embed\/QAn8BE6e1BY?feature=oembed\" frameborder=\"0\" allow=\"accelerometer; autoplay; clipboard-write; encrypted-media; gyroscope; picture-in-picture; web-share\" referrerpolicy=\"strict-origin-when-cross-origin\" allowfullscreen><\/iframe>\n<\/div><\/figure>\n","protected":false},"excerpt":{"rendered":"<p>Der Schwimmverein V\u00f6cklabruck hat das Ziel, den Schwimmsport f\u00fcr alle zug\u00e4nglich zu machen und zu f\u00f6rdern. Dabei setzen wir uns f\u00fcr Fairness, Ehrlichkeit und die Werte des Sports ein. Unser Verein ist gemeinn\u00fctzig und unabh\u00e4ngig von Politik oder Gewinninteressen. Wir erreichen unsere Ziele, indem wir: Unser Fokus liegt darauf, Sport mit Freude und Integrit\u00e4t auszu\u00fcben! [&hellip;]<\/p>\n","protected":false},"author":2,"featured_media":663,"parent":0,"menu_order":0,"comment_status":"closed","ping_status":"closed","template":"","meta":{"footnotes":""},"class_list":["post-664","page","type-page","status-publish","has-post-thumbnail","hentry"],"_links":{"self":[{"href":"https:\/\/w3.svv.or.at\/index.php?rest_route=\/wp\/v2\/pages\/664"}],"collection":[{"href":"https:\/\/w3.svv.or.at\/index.php?rest_route=\/wp\/v2\/pages"}],"about":[{"href":"https:\/\/w3.svv.or.at\/index.php?rest_route=\/wp\/v2\/types\/page"}],"author":[{"embeddable":true,"href":"https:\/\/w3.svv.or.at\/index.php?rest_route=\/wp\/v2\/users\/2"}],"replies":[{"embeddable":true,"href":"https:\/\/w3.svv.or.at\/index.php?rest_route=%2Fwp%2Fv2%2Fcomments&post=664"}],"version-history":[{"count":22,"href":"https:\/\/w3.svv.or.at\/index.php?rest_route=\/wp\/v2\/pages\/664\/revisions"}],"predecessor-version":[{"id":1451,"href":"https:\/\/w3.svv.or.at\/index.php?rest_route=\/wp\/v2\/pages\/664\/revisions\/1451"}],"wp:featuredmedia":[{"embeddable":true,"href":"https:\/\/w3.svv.or.at\/index.php?rest_route=\/wp\/v2\/media\/663"}],"wp:attachment":[{"href":"https:\/\/w3.svv.or.at\/index.php?rest_route=%2Fwp%2Fv2%2Fmedia&parent=664"}],"curies":[{"name":"wp","href":"https:\/\/api.w.org\/{rel}","templated":true}]}}